{"id":16,"date":"2025-08-07T18:02:09","date_gmt":"2025-08-07T18:02:09","guid":{"rendered":"http:\/\/agrovid.com.mx\/?page_id=16"},"modified":"2026-03-23T19:14:34","modified_gmt":"2026-03-23T19:14:34","slug":"home","status":"publish","type":"page","link":"https:\/\/agrovid.com.mx\/","title":{"rendered":"Inicio"},"content":{"rendered":"\t\t<div data-elementor-type=\"wp-post\" data-elementor-id=\"16\" class=\"elementor elementor-16\" data-elementor-post-type=\"page\">\n\t\t\t\t<div class=\"elementor-element elementor-element-3693ee3 e-con-full e-flex e-con e-parent\" data-id=\"3693ee3\" data-element_type=\"container\" data-settings=\"{&quot;background_background&quot;:&quot;classic&quot;}\">\n\t\t<div class=\"elementor-element elementor-element-cb54a25 e-flex e-con-boxed e-con e-child\" data-id=\"cb54a25\" data-element_type=\"container\" data-settings=\"{&quot;background_background&quot;:&quot;classic&quot;}\">\n\t\t\t\t\t<div class=\"e-con-inner\">\n\t\t<div class=\"elementor-element elementor-element-81660b0 e-con-full e-flex e-con e-child\" data-id=\"81660b0\" data-element_type=\"container\">\n\t\t\t\t<div class=\"elementor-element elementor-element-fbde8d7 elementor-widget elementor-widget-heading\" data-id=\"fbde8d7\" data-element_type=\"widget\" data-widget_type=\"heading.default\">\n\t\t\t\t\t<h2 class=\"elementor-heading-title elementor-size-default\">Crea<\/h2>\t\t\t\t<\/div>\n\t\t\t\t<div class=\"elementor-element elementor-element-88c1616 elementor-widget elementor-widget-heading\" data-id=\"88c1616\" data-element_type=\"widget\" data-widget_type=\"heading.default\">\n\t\t\t\t\t<h2 class=\"elementor-heading-title elementor-size-default\">tu propio<\/h2>\t\t\t\t<\/div>\n\t\t\t\t<\/div>\n\t\t<div class=\"elementor-element elementor-element-22bd9a9 e-con-full e-flex e-con e-child\" data-id=\"22bd9a9\" data-element_type=\"container\">\n\t\t\t\t<div class=\"elementor-element elementor-element-cf8286d elementor-widget elementor-widget-heading\" data-id=\"cf8286d\" data-element_type=\"widget\" data-widget_type=\"heading.default\">\n\t\t\t\t\t<h2 class=\"elementor-heading-title elementor-size-default\">vi\u00f1edo<\/h2>\t\t\t\t<\/div>\n\t\t\t\t<\/div>\n\t\t<div class=\"elementor-element elementor-element-e8aaa80 e-con-full e-flex e-con e-child\" data-id=\"e8aaa80\" data-element_type=\"container\">\n\t\t\t\t<div class=\"elementor-element elementor-element-f6e150c elementor-widget elementor-widget-text-editor\" data-id=\"f6e150c\" data-element_type=\"widget\" data-widget_type=\"text-editor.default\">\n\t\t\t\t\t\t\t\t\t<p>Con plantas de vid de calidad superior<\/p>\t\t\t\t\t\t\t\t<\/div>\n\t\t\t\t<div class=\"elementor-element elementor-element-85d4f57 elementor-widget-divider--view-line elementor-widget elementor-widget-divider\" data-id=\"85d4f57\" data-element_type=\"widget\" data-widget_type=\"divider.default\">\n\t\t\t\t\t\t\t<div class=\"elementor-divider\">\n\t\t\t<span class=\"elementor-divider-separator\">\n\t\t\t\t\t\t<\/span>\n\t\t<\/div>\n\t\t\t\t\t\t<\/div>\n\t\t\t\t<div class=\"elementor-element elementor-element-041bb9e elementor-align-center e-transform e-transform elementor-widget elementor-widget-button\" data-id=\"041bb9e\" data-element_type=\"widget\" data-settings=\"{&quot;_transform_scale_effect_hover&quot;:{&quot;unit&quot;:&quot;px&quot;,&quot;size&quot;:1.1,&quot;sizes&quot;:[]},&quot;_transform_scale_effect&quot;:{&quot;unit&quot;:&quot;px&quot;,&quot;size&quot;:&quot;&quot;,&quot;sizes&quot;:[]},&quot;_transform_scale_effect_tablet&quot;:{&quot;unit&quot;:&quot;px&quot;,&quot;size&quot;:&quot;&quot;,&quot;sizes&quot;:[]},&quot;_transform_scale_effect_mobile&quot;:{&quot;unit&quot;:&quot;px&quot;,&quot;size&quot;:&quot;&quot;,&quot;sizes&quot;:[]},&quot;_transform_scale_effect_hover_tablet&quot;:{&quot;unit&quot;:&quot;px&quot;,&quot;size&quot;:&quot;&quot;,&quot;sizes&quot;:[]},&quot;_transform_scale_effect_hover_mobile&quot;:{&quot;unit&quot;:&quot;px&quot;,&quot;size&quot;:&quot;&quot;,&quot;sizes&quot;:[]}}\" data-widget_type=\"button.default\">\n\t\t\t\t\t\t\t\t\t\t<a class=\"elementor-button elementor-button-link elementor-size-sm\" href=\"https:\/\/agrovid.com.mx\/?page_id=6\">\n\t\t\t\t\t\t<span class=\"elementor-button-content-wrapper\">\n\t\t\t\t\t\t\t\t\t<span class=\"elementor-button-text\">M\u00e1s informaci\u00f3n<\/span>\n\t\t\t\t\t<\/span>\n\t\t\t\t\t<\/a>\n\t\t\t\t\t\t\t\t<\/div>\n\t\t\t\t<\/div>\n\t\t\t\t\t<\/div>\n\t\t\t\t<\/div>\n\t\t\t\t<\/div>\n\t\t<div class=\"elementor-element elementor-element-45cb4fb e-con-full e-flex e-con e-parent\" data-id=\"45cb4fb\" data-element_type=\"container\">\n\t\t<div class=\"elementor-element elementor-element-193b60a e-con-full e-flex e-con e-child\" data-id=\"193b60a\" data-element_type=\"container\" data-settings=\"{&quot;background_background&quot;:&quot;classic&quot;}\">\n\t\t\t\t<div class=\"elementor-element elementor-element-fa9c5f2 elementor-widget elementor-widget-image\" data-id=\"fa9c5f2\" data-element_type=\"widget\" data-widget_type=\"image.default\">\n\t\t\t\t\t\t\t\t\t\t\t\t\t\t\t<img decoding=\"async\" width=\"180\" height=\"199\" src=\"https:\/\/agrovid.com.mx\/wp-content\/uploads\/2025\/08\/Icono-hojita-de-inicio.png\" class=\"attachment-full size-full wp-image-67\" alt=\"\" \/>\t\t\t\t\t\t\t\t\t\t\t\t\t\t\t<\/div>\n\t\t\t\t<div class=\"elementor-element elementor-element-529f0c5 elementor-widget elementor-widget-text-editor\" data-id=\"529f0c5\" data-element_type=\"widget\" data-widget_type=\"text-editor.default\">\n\t\t\t\t\t\t\t\t\t<p>Directamente del coraz\u00f3n del Valle de Guadalupe, Ensenada, Baja California.<\/p>\t\t\t\t\t\t\t\t<\/div>\n\t\t\t\t<\/div>\n\t\t\t\t<\/div>\n\t\t<div class=\"elementor-element elementor-element-dda98c7 e-con-full e-flex e-con e-parent\" data-id=\"dda98c7\" data-element_type=\"container\" data-settings=\"{&quot;background_background&quot;:&quot;classic&quot;}\">\n\t\t<div class=\"elementor-element elementor-element-db297b4 e-con-full e-flex e-con e-child\" data-id=\"db297b4\" data-element_type=\"container\">\n\t\t<div class=\"elementor-element elementor-element-0b79fac e-grid e-con-full e-con e-child\" data-id=\"0b79fac\" data-element_type=\"container\">\n\t\t<div class=\"elementor-element elementor-element-0a7e4d0 e-con-full e-flex e-con e-child\" data-id=\"0a7e4d0\" data-element_type=\"container\" data-settings=\"{&quot;background_background&quot;:&quot;classic&quot;}\">\n\t\t\t\t<\/div>\n\t\t<div class=\"elementor-element elementor-element-a259363 e-con-full e-flex e-con e-child\" data-id=\"a259363\" data-element_type=\"container\">\n\t\t<div class=\"elementor-element elementor-element-e0ce4ab e-con-full e-flex e-con e-child\" data-id=\"e0ce4ab\" data-element_type=\"container\">\n\t\t\t\t<div class=\"elementor-element elementor-element-0576d9d elementor-widget elementor-widget-heading\" data-id=\"0576d9d\" data-element_type=\"widget\" data-widget_type=\"heading.default\">\n\t\t\t\t\t<h2 class=\"elementor-heading-title elementor-size-default\">Vivero<\/h2>\t\t\t\t<\/div>\n\t\t\t\t<div class=\"elementor-element elementor-element-565f05f elementor-widget-divider--view-line elementor-widget elementor-widget-divider\" data-id=\"565f05f\" data-element_type=\"widget\" data-widget_type=\"divider.default\">\n\t\t\t\t\t\t\t<div class=\"elementor-divider\">\n\t\t\t<span class=\"elementor-divider-separator\">\n\t\t\t\t\t\t<\/span>\n\t\t<\/div>\n\t\t\t\t\t\t<\/div>\n\t\t\t\t<div class=\"elementor-element elementor-element-574ab8b elementor-widget elementor-widget-text-editor\" data-id=\"574ab8b\" data-element_type=\"widget\" data-widget_type=\"text-editor.default\">\n\t\t\t\t\t\t\t\t\t<p>En nuestro vivero, sabemos que la excelencia de un vino nace de la calidad de su origen. Por eso, te ofrecemos una selecci\u00f3n premium de plantas de vid, cultivadas con el m\u00e1ximo cuidado y bajo los est\u00e1ndares m\u00e1s exigentes.<\/p>\t\t\t\t\t\t\t\t<\/div>\n\t\t\t\t<\/div>\n\t\t\t\t<\/div>\n\t\t<div class=\"elementor-element elementor-element-1b790a0 e-con-full e-flex e-con e-child\" data-id=\"1b790a0\" data-element_type=\"container\">\n\t\t<div class=\"elementor-element elementor-element-f384b5e e-con-full e-flex e-con e-child\" data-id=\"f384b5e\" data-element_type=\"container\">\n\t\t\t\t<div class=\"elementor-element elementor-element-1efd159 elementor-widget elementor-widget-heading\" data-id=\"1efd159\" data-element_type=\"widget\" data-widget_type=\"heading.default\">\n\t\t\t\t\t<h2 class=\"elementor-heading-title elementor-size-default\">Variedades<\/h2>\t\t\t\t<\/div>\n\t\t\t\t<div class=\"elementor-element elementor-element-3b9d390 elementor-widget-divider--view-line elementor-widget elementor-widget-divider\" data-id=\"3b9d390\" data-element_type=\"widget\" data-widget_type=\"divider.default\">\n\t\t\t\t\t\t\t<div class=\"elementor-divider\">\n\t\t\t<span class=\"elementor-divider-separator\">\n\t\t\t\t\t\t<\/span>\n\t\t<\/div>\n\t\t\t\t\t\t<\/div>\n\t\t\t\t<div class=\"elementor-element elementor-element-d222864 elementor-widget elementor-widget-text-editor\" data-id=\"d222864\" data-element_type=\"widget\" data-widget_type=\"text-editor.default\">\n\t\t\t\t\t\t\t\t\t<p>Sabemos que cada terru\u00f1o es \u00fanico, por eso contamos con opciones ideales para quienes buscan vinos estructurados con gran potencial, as\u00ed como para quienes prefieren expresiones m\u00e1s j\u00f3venes y vibrantes.<\/p>\t\t\t\t\t\t\t\t<\/div>\n\t\t\t\t<\/div>\n\t\t\t\t<\/div>\n\t\t<div class=\"elementor-element elementor-element-9859cf2 e-con-full e-flex e-con e-child\" data-id=\"9859cf2\" data-element_type=\"container\" data-settings=\"{&quot;background_background&quot;:&quot;classic&quot;}\">\n\t\t\t\t<\/div>\n\t\t\t\t<\/div>\n\t\t\t\t<\/div>\n\t\t\t\t<\/div>\n\t\t\t\t<\/div>\n\t\t","protected":false},"excerpt":{"rendered":"<p>Crea tu propio vi\u00f1edo Con plantas de vid de calidad superior M\u00e1s informaci\u00f3n Directamente del coraz\u00f3n del Valle de Guadalupe, Ensenada, Baja California. Vivero En nuestro vivero, sabemos que la excelencia de un vino nace de la calidad de su origen. Por eso, te ofrecemos una selecci\u00f3n premium de plantas de vid, cultivadas con el [&hellip;]<\/p>\n","protected":false},"author":1,"featured_media":0,"parent":0,"menu_order":0,"comment_status":"closed","ping_status":"closed","template":"","meta":{"footnotes":""},"class_list":["post-16","page","type-page","status-publish","hentry"],"_links":{"self":[{"href":"https:\/\/agrovid.com.mx\/index.php?rest_route=\/wp\/v2\/pages\/16","targetHints":{"allow":["GET"]}}],"collection":[{"href":"https:\/\/agrovid.com.mx\/index.php?rest_route=\/wp\/v2\/pages"}],"about":[{"href":"https:\/\/agrovid.com.mx\/index.php?rest_route=\/wp\/v2\/types\/page"}],"author":[{"embeddable":true,"href":"https:\/\/agrovid.com.mx\/index.php?rest_route=\/wp\/v2\/users\/1"}],"replies":[{"embeddable":true,"href":"https:\/\/agrovid.com.mx\/index.php?rest_route=%2Fwp%2Fv2%2Fcomments&post=16"}],"version-history":[{"count":179,"href":"https:\/\/agrovid.com.mx\/index.php?rest_route=\/wp\/v2\/pages\/16\/revisions"}],"predecessor-version":[{"id":1121,"href":"https:\/\/agrovid.com.mx\/index.php?rest_route=\/wp\/v2\/pages\/16\/revisions\/1121"}],"wp:attachment":[{"href":"https:\/\/agrovid.com.mx\/index.php?rest_route=%2Fwp%2Fv2%2Fmedia&parent=16"}],"curies":[{"name":"wp","href":"https:\/\/api.w.org\/{rel}","templated":true}]}}